{"id":6513,"date":"2017-04-20T14:48:49","date_gmt":"2017-04-20T14:48:49","guid":{"rendered":"https:\/\/ronfless.com\/?page_id=6513\/"},"modified":"2017-05-11T05:15:34","modified_gmt":"2017-05-11T05:15:34","slug":"good-habits","status":"publish","type":"page","link":"https:\/\/ronfless.com\/en\/good-habits\/","title":{"rendered":"Good habits"},"content":{"rendered":"<section class=\"l-section wpb_row height_auto width_full\"><div class=\"l-section-h i-cf\"><div class=\"g-cols offset_small\"><div class=\"vc_col-sm-12 wpb_column vc_column_container\"><div class=\"vc_column-inner\"><div class=\"w-image  align_center\"><img loading=\"lazy\" decoding=\"async\" width=\"1505\" height=\"521\" src=\"https:\/\/ronfless.com\/wp-content\/uploads\/2017\/05\/learning-to-sleep-again.png\" class=\"attachment-full size-full\" alt=\"\" srcset=\"https:\/\/ronfless.com\/wp-content\/uploads\/2017\/05\/learning-to-sleep-again.png 1505w, https:\/\/ronfless.com\/wp-content\/uploads\/2017\/05\/learning-to-sleep-again-600x208.png 600w, https:\/\/ronfless.com\/wp-content\/uploads\/2017\/05\/learning-to-sleep-again-300x104.png 300w, https:\/\/ronfless.com\/wp-content\/uploads\/2017\/05\/learning-to-sleep-again-768x266.png 768w, https:\/\/ronfless.com\/wp-content\/uploads\/2017\/05\/learning-to-sleep-again-1024x354.png 1024w\" sizes=\"auto, (max-width: 1505px) 100vw, 1505px\" \/><\/div><\/div><\/div><\/div><\/div><\/section><section class=\"l-section wpb_row height_medium\"><div class=\"l-section-h i-cf\"><div class=\"g-cols offset_small\"><div class=\"vc_col-sm-12 wpb_column vc_column_container\"><div class=\"vc_column-inner\"><div class=\"wpb_text_column \"><div class=\"wpb_wrapper\">\n<div class=\"content_title green_border_bottom\"><u>Good habits to sleep well<\/u><\/div>\n<p class=\"text_center\">To find a refreshing sleep again, nothing is better than to adopt a new lifestyle!<\/p>\n<div class=\"text_center fnt_green\">\n<ul>\n<li>You have to move to sleep well<\/li>\n<\/ul>\n<\/div>\n<p>Doing sport is good for your health \u2026. And for your sleep as well. Many studies proved that a regular physical activity allowed people to fall asleep faster, wake up less during the night, increase the time of deep sleep (which is the most restorative one) and improve their\u00a0 level of vigilance during daytime.<br \/>\nWhat does a \u00ab\u00a0regular\u00a0\u00bb physical activity mean? On average, it means a 30 \u2013 minute per day session at least 3 to 4 times a week. Preferably an endurance activity like walking, swimming or cycling but you have to make sure that the level you have chosen is adapted to your physical condition. Try to have your training sessions in the late afternoon and not after 7.pm, as an increased body temperature due to physical effort does not favour sleep.<\/p>\n<ul>\n<li class=\"text_center fnt_green\">Eat healthy to improve your sleep<\/li>\n<\/ul>\n<p>To sleep well, avoid heavy meals and reduce wine consumption in the evening. A full stomach will delay the time you fall asleep and favour acid reflux while alcohol disturbs the sleep of the second part of the night and makes snoring worse.<br \/>\nAn excessive consumption of caffeine coffee, tea or soda also disturbs sleep especially after 4 pm. The ideal solution would be to get used to eating well at breakfast and lunch and to eating a light dinner 3 to 4 hours before going to bed. You could get into the habit of having herbal tea before going to bed: this little ritual may favour sleeping. Some plants such as valerian, verbena, mayflower are well known for their relaxing properties which will favour sleep.<\/div> <\/div> <\/div><\/div><\/div><\/div><\/section><section class=\"l-section wpb_row height_auto width_full\"><div class=\"l-section-h i-cf\"><div class=\"g-cols offset_small\"><div class=\"vc_col-sm-12 wpb_column vc_column_container\"><div class=\"vc_column-inner\"><div class=\"w-image  align_center\"><img loading=\"lazy\" decoding=\"async\" width=\"1505\" height=\"240\" src=\"https:\/\/ronfless.com\/wp-content\/uploads\/2016\/09\/Photo.jpg\" class=\"attachment-full size-full\" alt=\"\" srcset=\"https:\/\/ronfless.com\/wp-content\/uploads\/2016\/09\/Photo.jpg 1505w, https:\/\/ronfless.com\/wp-content\/uploads\/2016\/09\/Photo-600x96.jpg 600w, https:\/\/ronfless.com\/wp-content\/uploads\/2016\/09\/Photo-300x48.jpg 300w, https:\/\/ronfless.com\/wp-content\/uploads\/2016\/09\/Photo-768x122.jpg 768w, https:\/\/ronfless.com\/wp-content\/uploads\/2016\/09\/Photo-1024x163.jpg 1024w\" sizes=\"auto, (max-width: 1505px) 100vw, 1505px\" \/><\/div><\/div><\/div><\/div><\/div><\/section><section class=\"l-section wpb_row height_small\"><div class=\"l-section-h i-cf\"><div class=\"g-cols offset_small\"><div class=\"vc_col-sm-12 wpb_column vc_column_container\"><div class=\"vc_column-inner\"><div class=\"wpb_text_column \"><div class=\"wpb_wrapper\"><p>Recent studies have proved that a lack of sleep (less than 6 hours during the night) led to weight gain, an increased risk of diabetes and of obstructive sleep apnea.<\/p><\/div> <\/div> <\/div><\/div><\/div><\/div><\/section><section class=\"l-section wpb_row height_medium\"><div class=\"l-section-h i-cf\"><div class=\"g-cols offset_small\"><div class=\"vc_col-sm-2 vc_hidden-xs wpb_column vc_column_container\"><div class=\"vc_column-inner\"><div class=\"wpb_text_column \"><div class=\"wpb_wrapper\"><p>\u00a0<\/p><\/div> <\/div> <\/div><\/div><div class=\"vc_col-sm-8 wpb_column vc_column_container\"><div class=\"vc_column-inner\"><div class=\"wpb_text_column \"><div class=\"wpb_wrapper\">\n<div class=\"content_title green_border_bottom\">Make your bedroom the perfect place for a refreshing sleep<\/div>\n<p class=\"text_center\">To sleep well, you have to consider your immediate surrounding: your bedroom. Here are a few tips to bear in mind<\/p>\n<div class=\"fnt_green\">\u2022 <strong>Have an adjustable heating control in your bedroom.<\/strong><\/div>\n<p>It is advised to lower the temperature of your bedroom for the night (18-20 degrees) which will slightly lower your body temperature and favour sleep <sup>(1)<\/sup><\/p>\n<div class=\"fnt_green\">\u2022 <strong>Prefer separate duvets and mattresses so that each can choose their own comfort<\/strong><sup>(2)<\/sup><\/div>\n<div class=\"fnt_green\">\n<p>\u2022 <strong>Prefer individual bedside lamps with a directional beam: if you want to read while your partner is sleeping <sup>(2)<\/sup><\/strong><\/p>\n<div class=\"fnt_green\">\u2022 <strong>Protect your sleep from noise:<\/strong><\/div>\n<p>The room must be quiet as noise is harmful to sleep and may cause awakenings during the night. Double glazing and shutters are all the more relevant. If you are particularly sensitive to noise have you ever thought about earplugs?<sup>(3,4)<\/sup><\/p>\n<div class=\"fnt_green\">\u2022 <strong>Protect your sleep from light:<\/strong><\/div>\n<p>Complete darkness favours a good-quality sleep while keeping a light on , whatever its intensity, can favour awakenings during the night. <sup>(3)<\/sup><\/p>\n<p class=\"fnt_green\">\u2022 <strong>Air the bedroom and linen every morning,<\/strong><\/p>\n<div class=\"fnt_green\">\u2022 <strong>Avoid screens in your bedrooms :<\/strong><\/div>\n<p>No TV screens, tablets or phones\u2026 you must choose between sleeping and switching channels. Your bedroom must be for sleep and intimacy, so avoid doing sport, phoning, surfing on the web, watching TV, eating or drinking there,<sup>(1,4)<\/sup><\/p>\n<div class=\"fnt_green\">\u2022 <strong>Improving the quality of your bedding <\/strong><\/div>\n<p>(mattress, bed base, and pillow) is essential. Take the time to choose one which matches your shape and tastes and do not hesitate to try the different products in stores. It is recommended to change your bedding every 10 years at least, <sup>(1,4)<\/sup><\/p>\n<div class=\"fnt_green\">\u2022 <strong>Choose an atmosphere which will help you sleep better :<\/strong><\/div>\n<p>An untidy bedroom makes it difficult to clear your head off worries before going to bed. Think of keeping a clean and tidy bedroom without any electronic or computing devices.<sup>(4)<\/sup> Optimizing my environment to get a better sleep<\/p>\n<\/div>\n<\/div> <\/div> <\/div><\/div><div class=\"vc_col-sm-2 vc_hidden-xs wpb_column vc_column_container\"><div class=\"vc_column-inner\"><div class=\"wpb_text_column \"><div class=\"wpb_wrapper\"><p>\u00a0<\/p><\/div> <\/div> <\/div><\/div><\/div><\/div><\/section><section class=\"l-section wpb_row height_small\"><div class=\"l-section-h i-cf\"><div class=\"g-cols offset_small\"><div class=\"vc_col-sm-12 wpb_column vc_column_container\"><div class=\"vc_column-inner\"><div class=\"wpb_text_column \"><div class=\"wpb_wrapper\"><p>Studies have proved that better bedding improved the quality of \u00a0sleep, made awakening easier and increased the level of energy during daytime. <sup>(4)<\/sup><\/p><\/div> <\/div> <\/div><\/div><\/div><\/div><\/section><section class=\"l-section wpb_row height_medium\"><div class=\"l-section-h i-cf\"><div class=\"g-cols offset_small\"><div class=\"vc_col-sm-12 wpb_column vc_column_container\"><div class=\"vc_column-inner\"><div class=\"wpb_text_column \"><div class=\"wpb_wrapper\">\n<p class=\"text_center\">(1) Berth\u00e9l\u00e9my S. Conseils \u00e0 un patient se plaignant d\u2019insomnie. Actualit\u00e9s Pharmaceutiques, 2011 ; 511 : 35-8.<br \/>\n(2) Institut national de pr\u00e9vention et d\u2019\u00e9ducation pour la sant\u00e9. Brochure \u00ab Bien dormir, mieux vivre. Le sommeil c\u2019est la sant\u00e9. \u00bb<br \/>\n(3) Institut national du sommeil et de la vigilance. Brochure \u00ab Sommeil, un carnet pour mieux comprendre. \u00bb<br \/>\n(4) Institut national de pr\u00e9vention et d\u2019\u00e9ducation pour la sant\u00e9. Brochure \u00ab Sommeil, chambre et literie \u00bb<\/p>\n<\/div> <\/div> <\/div><\/div><\/div><\/div><\/section>\n","protected":false},"excerpt":{"rendered":"Good habits to sleep well To find a refreshing sleep again, nothing is better than to adopt a new lifestyle! You have to move to sleep well Doing sport is...","protected":false},"author":16,"featured_media":0,"parent":0,"menu_order":0,"comment_status":"closed","ping_status":"closed","template":"","meta":{"footnotes":""},"class_list":["post-6513","page","type-page","status-publish","hentry"],"yoast_head":"<!-- This site is optimized with the Yoast SEO plugin v27.4 - https:\/\/yoast.com\/product\/yoast-seo-wordpress\/ -->\n<title>Good habits - Ronfless<\/title>\n<meta name=\"robots\" content=\"index, follow, max-snippet:-1, max-image-preview:large, max-video-preview:-1\" \/>\n<link rel=\"canonical\" href=\"https:\/\/ronfless.com\/en\/good-habits\/\" \/>\n<meta property=\"og:locale\" content=\"en_US\" \/>\n<meta property=\"og:type\" content=\"article\" \/>\n<meta property=\"og:title\" content=\"Good habits - Ronfless\" \/>\n<meta property=\"og:url\" content=\"https:\/\/ronfless.com\/en\/good-habits\/\" \/>\n<meta property=\"og:site_name\" content=\"Ronfless\" \/>\n<meta property=\"article:modified_time\" content=\"2017-05-11T05:15:34+00:00\" \/>\n<meta name=\"twitter:card\" content=\"summary_large_image\" \/>\n<meta name=\"twitter:label1\" content=\"Est. reading time\" \/>\n\t<meta name=\"twitter:data1\" content=\"4 minutes\" \/>\n<script type=\"application\/ld+json\" class=\"yoast-schema-graph\">{\"@context\":\"https:\\\/\\\/schema.org\",\"@graph\":[{\"@type\":\"WebPage\",\"@id\":\"https:\\\/\\\/ronfless.com\\\/en\\\/good-habits\\\/\",\"url\":\"https:\\\/\\\/ronfless.com\\\/en\\\/good-habits\\\/\",\"name\":\"Good habits - Ronfless\",\"isPartOf\":{\"@id\":\"https:\\\/\\\/ronfless.com\\\/en\\\/#website\"},\"datePublished\":\"2017-04-20T14:48:49+00:00\",\"dateModified\":\"2017-05-11T05:15:34+00:00\",\"breadcrumb\":{\"@id\":\"https:\\\/\\\/ronfless.com\\\/en\\\/good-habits\\\/#breadcrumb\"},\"inLanguage\":\"en-US\",\"potentialAction\":[{\"@type\":\"ReadAction\",\"target\":[\"https:\\\/\\\/ronfless.com\\\/en\\\/good-habits\\\/\"]}]},{\"@type\":\"BreadcrumbList\",\"@id\":\"https:\\\/\\\/ronfless.com\\\/en\\\/good-habits\\\/#breadcrumb\",\"itemListElement\":[{\"@type\":\"ListItem\",\"position\":1,\"name\":\"Accueil\",\"item\":\"https:\\\/\\\/ronfless.com\\\/en\\\/\"},{\"@type\":\"ListItem\",\"position\":2,\"name\":\"Good habits\"}]},{\"@type\":\"WebSite\",\"@id\":\"https:\\\/\\\/ronfless.com\\\/en\\\/#website\",\"url\":\"https:\\\/\\\/ronfless.com\\\/en\\\/\",\"name\":\"Ronfless\",\"description\":\"Anti Ronflement\",\"potentialAction\":[{\"@type\":\"SearchAction\",\"target\":{\"@type\":\"EntryPoint\",\"urlTemplate\":\"https:\\\/\\\/ronfless.com\\\/en\\\/?s={search_term_string}\"},\"query-input\":{\"@type\":\"PropertyValueSpecification\",\"valueRequired\":true,\"valueName\":\"search_term_string\"}}],\"inLanguage\":\"en-US\"}]}<\/script>\n<!-- \/ Yoast SEO plugin. -->","yoast_head_json":{"title":"Good habits - Ronfless","robots":{"index":"index","follow":"follow","max-snippet":"max-snippet:-1","max-image-preview":"max-image-preview:large","max-video-preview":"max-video-preview:-1"},"canonical":"https:\/\/ronfless.com\/en\/good-habits\/","og_locale":"en_US","og_type":"article","og_title":"Good habits - Ronfless","og_url":"https:\/\/ronfless.com\/en\/good-habits\/","og_site_name":"Ronfless","article_modified_time":"2017-05-11T05:15:34+00:00","twitter_card":"summary_large_image","twitter_misc":{"Est. reading time":"4 minutes"},"schema":{"@context":"https:\/\/schema.org","@graph":[{"@type":"WebPage","@id":"https:\/\/ronfless.com\/en\/good-habits\/","url":"https:\/\/ronfless.com\/en\/good-habits\/","name":"Good habits - Ronfless","isPartOf":{"@id":"https:\/\/ronfless.com\/en\/#website"},"datePublished":"2017-04-20T14:48:49+00:00","dateModified":"2017-05-11T05:15:34+00:00","breadcrumb":{"@id":"https:\/\/ronfless.com\/en\/good-habits\/#breadcrumb"},"inLanguage":"en-US","potentialAction":[{"@type":"ReadAction","target":["https:\/\/ronfless.com\/en\/good-habits\/"]}]},{"@type":"BreadcrumbList","@id":"https:\/\/ronfless.com\/en\/good-habits\/#breadcrumb","itemListElement":[{"@type":"ListItem","position":1,"name":"Accueil","item":"https:\/\/ronfless.com\/en\/"},{"@type":"ListItem","position":2,"name":"Good habits"}]},{"@type":"WebSite","@id":"https:\/\/ronfless.com\/en\/#website","url":"https:\/\/ronfless.com\/en\/","name":"Ronfless","description":"Anti Ronflement","potentialAction":[{"@type":"SearchAction","target":{"@type":"EntryPoint","urlTemplate":"https:\/\/ronfless.com\/en\/?s={search_term_string}"},"query-input":{"@type":"PropertyValueSpecification","valueRequired":true,"valueName":"search_term_string"}}],"inLanguage":"en-US"}]}},"_links":{"self":[{"href":"https:\/\/ronfless.com\/en\/wp-json\/wp\/v2\/pages\/6513","targetHints":{"allow":["GET"]}}],"collection":[{"href":"https:\/\/ronfless.com\/en\/wp-json\/wp\/v2\/pages"}],"about":[{"href":"https:\/\/ronfless.com\/en\/wp-json\/wp\/v2\/types\/page"}],"author":[{"embeddable":true,"href":"https:\/\/ronfless.com\/en\/wp-json\/wp\/v2\/users\/16"}],"replies":[{"embeddable":true,"href":"https:\/\/ronfless.com\/en\/wp-json\/wp\/v2\/comments?post=6513"}],"version-history":[{"count":4,"href":"https:\/\/ronfless.com\/en\/wp-json\/wp\/v2\/pages\/6513\/revisions"}],"predecessor-version":[{"id":6653,"href":"https:\/\/ronfless.com\/en\/wp-json\/wp\/v2\/pages\/6513\/revisions\/6653"}],"wp:attachment":[{"href":"https:\/\/ronfless.com\/en\/wp-json\/wp\/v2\/media?parent=6513"}],"curies":[{"name":"wp","href":"https:\/\/api.w.org\/{rel}","templated":true}]}}